{"id":52,"date":"2017-02-12T17:17:41","date_gmt":"2017-02-12T17:17:41","guid":{"rendered":"https:\/\/drdenizusumus.com\/?page_id=52"},"modified":"2025-01-20T09:51:42","modified_gmt":"2025-01-20T06:51:42","slug":"annahme","status":"publish","type":"page","link":"https:\/\/drdenizusumus.com\/de\/uber-mich\/","title":{"rendered":"\u00fcber mich"},"content":{"rendered":"<section class=\"wpb-content-wrapper\"><div data-vc-full-width=\"true\" data-vc-full-width-init=\"false\" class=\"vc_row wpb_row vc_row-fluid vc_custom_1729514464350 vc_row-has-fill vc_row-o-equal-height vc_row-o-content-middle vc_row-flex\"><div class=\"wpb_column vc_column_container vc_col-sm-6 sc_layouts_column_icons_position_left\"><div class=\"vc_column-inner\"><div class=\"wpb_wrapper\">\n\t<div  class=\"wpb_single_image wpb_content_element vc_align_right\">\n\t\t\n\t\t<figure class=\"wpb_wrapper vc_figure\">\n\t\t\t<div class=\"vc_single_image-wrapper   vc_box_border_grey\"><img loading=\"lazy\" decoding=\"async\" width=\"1080\" height=\"1283\" src=\"https:\/\/drdenizusumus.com\/wp-content\/uploads\/2024\/10\/cocuk-doktoru-deniz-usumus.jpg\" class=\"vc_single_image-img attachment-full\" alt=\"Kinderarzt, Meeresk\u00e4lte\" title=\"Kinderarzt-deniz-usumus\" srcset=\"https:\/\/drdenizusumus.com\/wp-content\/uploads\/2024\/10\/cocuk-doktoru-deniz-usumus.jpg 1080w, https:\/\/drdenizusumus.com\/wp-content\/uploads\/2024\/10\/cocuk-doktoru-deniz-usumus-253x300.jpg 253w, https:\/\/drdenizusumus.com\/wp-content\/uploads\/2024\/10\/cocuk-doktoru-deniz-usumus-862x1024.jpg 862w, https:\/\/drdenizusumus.com\/wp-content\/uploads\/2024\/10\/cocuk-doktoru-deniz-usumus-768x912.jpg 768w, https:\/\/drdenizusumus.com\/wp-content\/uploads\/2024\/10\/cocuk-doktoru-deniz-usumus-370x440.jpg 370w, https:\/\/drdenizusumus.com\/wp-content\/uploads\/2024\/10\/cocuk-doktoru-deniz-usumus-760x903.jpg 760w, https:\/\/drdenizusumus.com\/wp-content\/uploads\/2024\/10\/cocuk-doktoru-deniz-usumus-740x879.jpg 740w\" sizes=\"auto, (max-width: 1080px) 100vw, 1080px\" \/><\/div>\n\t\t<\/figure>\n\t<\/div>\n<\/div><\/div><\/div><div class=\"wpb_column vc_column_container vc_col-sm-6 vc_col-has-fill sc_layouts_column_icons_position_left\"><div class=\"vc_column-inner vc_custom_1720530889615\"><div class=\"wpb_wrapper\">\n\t<div class=\"wpb_text_column wpb_content_element  hakkimda-hero-text\" >\n\t\t<div class=\"wpb_wrapper\">\n\t\t\t<h2><span style=\"font-size: 45px;\">Spezialist Arzt Deniz \u00dc\u015f\u00fcm\u00fc\u015f<\/span><\/h2>\n<h3>Spezialist f\u00fcr Kindergesundheit und Krankheiten<\/h3>\n<p>Dr. Deniz \u00dc\u015f\u00fcm\u00fc\u015f ist Absolvent der Medizinischen Fakult\u00e4t \u00c7apa in Istanbul.<br \/>\nEr absolvierte seine Ausbildung zum Facharzt f\u00fcr P\u00e4diatrie an der Medizinischen Fakult\u00e4t in Ni\u0161.<br \/>\nSeine \u00c4quivalenz erhielt er am Universit\u00e4tskrankenhaus Ko\u00e7.<br \/>\nVon 2003 bis 2016 arbeitete er im Vehbi Ko\u00e7 Foundation American Hospital.<br \/>\nNachdem sie nach ihrer Facharztausbildung eine Zeit lang im Ac\u0131badem Maslak Krankenhaus (2017-2019) gearbeitet hat, arbeitet sie weiterhin im Gesundheitszentrum f\u00fcr Babys, Kinder und Jugendliche Klinilk Ulus.<br \/>\nDr. \u00dc\u015f\u00fcm\u00fc\u015f absolvierte seine Hom\u00f6opathieausbildung am CHE (Homeopathy College) London.<br \/>\nNach seinem Abschluss unterrichtet er weiterhin CHE-Bildungspersonal in T\u00fcrkiye.<br \/>\nPr\u00e4sident der T\u00fcrkischen Hom\u00f6opathie-\u00c4rztevereinigung,<br \/>\nEr ist Mitglied der Istanbuler Medizinkammer und der T\u00fcrkischen P\u00e4diatrie-Vereinigung.<\/p>\n\n\t\t<\/div>\n\t<\/div>\n<\/div><\/div><\/div><\/div><div class=\"vc_row-full-width vc_clearfix\"><\/div><div class=\"vc_row wpb_row vc_row-fluid vc_custom_1728028081625 vc_row-o-equal-height vc_row-o-content-middle vc_row-flex\"><div class=\"wpb_column vc_column_container vc_col-sm-3\/5 sc_layouts_column_icons_position_left\"><div class=\"vc_column-inner vc_custom_1702047668609\"><div class=\"wpb_wrapper\">\n\t<div class=\"wpb_text_column wpb_content_element  hakkimda-cv-text\" >\n\t\t<div class=\"wpb_wrapper\">\n\t\t\t<p><strong>KLINILK Poliklinik f\u00fcr Kindergesundheit, Istanbul<\/strong><br \/>\n1\/2017 \u2013 Laufend<\/p>\n<p><strong>Kinderarzt, Ac\u0131badem Maslak Krankenhaus<\/strong><br \/>\n2018-2022<\/p>\n<p><strong>Universit\u00e4tskrankenhaus Ko\u00e7, Kindergesundheit und -krankheiten, Istanbul<\/strong><br \/>\nRotation \u2013 Akkreditierung 2016<\/p>\n<p><strong>Amerikanisches Krankenhaus der Vehbi Ko\u00e7 Foundation, Istanbul<\/strong><br \/>\nVollzeit-Arzt 2003-2016<br \/>\nMedex Versicherung \u2013 Experte<\/p>\n<h2><strong>AUSBILDUNG<\/strong><\/h2>\n<p><strong>CHE Hom\u00f6opathie-Schulungszentrum, London, England<\/strong><\/p>\n<p><strong>Medizinische Fakult\u00e4t Istanbul (\u00c7apa)<\/strong><br \/>\nInternierter Arzt \u2013 Intensivpflege f\u00fcr Neugeborene<\/p>\n<p><strong>Medizinische Fakult\u00e4t Istanbul \u2013 Medizindiplom<\/strong><br \/>\n1992-1998<\/p>\n<p><strong>Privates Evrim-Gymnasium, Istanbul<\/strong><\/p>\n\n\t\t<\/div>\n\t<\/div>\n<\/div><\/div><\/div><div class=\"wpb_column vc_column_container vc_col-sm-2\/5 sc_layouts_column_icons_position_left\"><div class=\"vc_column-inner\"><div class=\"wpb_wrapper\">\n\t<div  class=\"wpb_single_image wpb_content_element vc_align_left   tedaviler-icerik-kare-gorseller\">\n\t\t\n\t\t<figure class=\"wpb_wrapper vc_figure\">\n\t\t\t<div class=\"vc_single_image-wrapper   vc_box_border_grey\"><img loading=\"lazy\" decoding=\"async\" width=\"480\" height=\"800\" src=\"https:\/\/drdenizusumus.com\/wp-content\/uploads\/2024\/02\/cocuk-sagligi-ve-cocuk-hastaliklari-uzmani.jpg\" class=\"vc_single_image-img attachment-full\" alt=\"Kindergesundheit und Kinderarzt\" title=\"Kindergesundheit und Kinderarzt\" srcset=\"https:\/\/drdenizusumus.com\/wp-content\/uploads\/2024\/02\/cocuk-sagligi-ve-cocuk-hastaliklari-uzmani.jpg 480w, https:\/\/drdenizusumus.com\/wp-content\/uploads\/2024\/02\/cocuk-sagligi-ve-cocuk-hastaliklari-uzmani-180x300.jpg 180w, https:\/\/drdenizusumus.com\/wp-content\/uploads\/2024\/02\/cocuk-sagligi-ve-cocuk-hastaliklari-uzmani-370x617.jpg 370w\" sizes=\"auto, (max-width: 480px) 100vw, 480px\" \/><\/div>\n\t\t<\/figure>\n\t<\/div>\n<\/div><\/div><\/div><\/div><div data-vc-full-width=\"true\" data-vc-full-width-init=\"false\" class=\"vc_row wpb_row vc_row-fluid vc_custom_1708948143196 vc_row-has-fill vc_row-o-equal-height vc_row-o-content-middle vc_row-flex\"><div class=\"wpb_column vc_column_container vc_col-sm-2\/5 sc_layouts_column_icons_position_left\"><div class=\"vc_column-inner\"><div class=\"wpb_wrapper\">\n\t<div  class=\"wpb_single_image wpb_content_element vc_align_left   tedaviler-icerik-kare-gorseller\">\n\t\t\n\t\t<figure class=\"wpb_wrapper vc_figure\">\n\t\t\t<div class=\"vc_single_image-wrapper   vc_box_border_grey\"><img loading=\"lazy\" decoding=\"async\" width=\"450\" height=\"430\" src=\"https:\/\/drdenizusumus.com\/wp-content\/uploads\/2024\/02\/deniz-usumus-ozgecmisi.jpg\" class=\"vc_single_image-img attachment-full\" alt=\"Meeresk\u00e4lte-Lebenslauf\" title=\"Meeresk\u00e4lte-Lebenslauf\" srcset=\"https:\/\/drdenizusumus.com\/wp-content\/uploads\/2024\/02\/deniz-usumus-ozgecmisi.jpg 450w, https:\/\/drdenizusumus.com\/wp-content\/uploads\/2024\/02\/deniz-usumus-ozgecmisi-300x287.jpg 300w, https:\/\/drdenizusumus.com\/wp-content\/uploads\/2024\/02\/deniz-usumus-ozgecmisi-370x354.jpg 370w\" sizes=\"auto, (max-width: 450px) 100vw, 450px\" \/><\/div>\n\t\t<\/figure>\n\t<\/div>\n<\/div><\/div><\/div><div class=\"wpb_column vc_column_container vc_col-sm-3\/5 sc_layouts_column_icons_position_left\"><div class=\"vc_column-inner\"><div class=\"wpb_wrapper\">\n\t<div class=\"wpb_text_column wpb_content_element  hakkimda-cv-text\" >\n\t\t<div class=\"wpb_wrapper\">\n\t\t\t<h3>LIZENZEN UND ZERTIFIKATE<\/h3>\n<p><strong>Akkreditierungsgenehmigung f\u00fcr Spezialisten des TR-Ministeriums f\u00fcr Gesundheit, Kindergesundheit und Krankheiten<\/strong><br \/>\n08\/02\/2016<br \/>\n<strong>Programm zur Wiederbelebung von Neugeborenen (NRP).<\/strong><br \/>\n2012<br \/>\n<strong>European Resuscitation Council (ERC), kardiopulmonale Wiederbelebungspraktiken und erweiterte Lebenserhaltung<\/strong><br \/>\n2008<br \/>\n<strong>New York Cornell \u2013 Praktikum auf der Intensivstation f\u00fcr Neugeborene<\/strong><br \/>\n2000<br \/>\n<strong>Mitglied der \u00c4rztekammer Istanbul<\/strong><br \/>\n<strong>Mitglied der T\u00fcrkischen P\u00e4diatrie-Vereinigung<\/strong><\/p>\n<h3>SPRACHEN<\/h3>\n<p><strong>Englisch (flie\u00dfend)<\/strong><br \/>\n<strong>Serbisch (Muttersprache)<\/strong><br \/>\n<strong>T\u00fcrkisch (Muttersprache)<\/strong><\/p>\n\n\t\t<\/div>\n\t<\/div>\n<\/div><\/div><\/div><\/div><div class=\"vc_row-full-width vc_clearfix\"><\/div>\n<\/section>","protected":false},"excerpt":{"rendered":"Spezialist Dr. Deniz Cold, Spezialist f\u00fcr Kindergesundheit und Krankheiten Dr. Deniz \u00dc\u015f\u00fcm\u00fc\u015f ist Absolvent der Medizinischen Fakult\u00e4t \u00c7apa in Istanbul. Er absolvierte seine Ausbildung zum Facharzt f\u00fcr P\u00e4diatrie an der medizinischen Fakult\u00e4t in Ni\u0161. Seine \u00c4quivalenz erhielt er am Universit\u00e4tskrankenhaus Ko\u00e7. Von 2003 bis 2016 arbeitete er im Vehbi Ko\u00e7 Foundation American Hospital. Nachdem sie nach ihrer Facharztausbildung eine Zeit lang im Ac\u0131badem Maslak Krankenhaus (2017-2019) gearbeitet hat, arbeitet sie weiterhin im Gesundheitszentrum f\u00fcr Babys, Kinder und Jugendliche Klinilk Ulus. Dr.\u2026","protected":false},"author":1,"featured_media":0,"parent":0,"menu_order":0,"comment_status":"closed","ping_status":"closed","template":"","meta":{"footnotes":""},"class_list":["post-52","page","type-page","status-publish","hentry"],"_links":{"self":[{"href":"https:\/\/drdenizusumus.com\/de\/wp-json\/wp\/v2\/pages\/52","targetHints":{"allow":["GET"]}}],"collection":[{"href":"https:\/\/drdenizusumus.com\/de\/wp-json\/wp\/v2\/pages"}],"about":[{"href":"https:\/\/drdenizusumus.com\/de\/wp-json\/wp\/v2\/types\/page"}],"author":[{"embeddable":true,"href":"https:\/\/drdenizusumus.com\/de\/wp-json\/wp\/v2\/users\/1"}],"replies":[{"embeddable":true,"href":"https:\/\/drdenizusumus.com\/de\/wp-json\/wp\/v2\/comments?post=52"}],"version-history":[{"count":0,"href":"https:\/\/drdenizusumus.com\/de\/wp-json\/wp\/v2\/pages\/52\/revisions"}],"wp:attachment":[{"href":"https:\/\/drdenizusumus.com\/de\/wp-json\/wp\/v2\/media?parent=52"}],"curies":[{"name":"wp","href":"https:\/\/api.w.org\/{rel}","templated":true}]}}