{"id":52,"date":"2017-02-12T17:17:41","date_gmt":"2017-02-12T17:17:41","guid":{"rendered":"https:\/\/drdenizusumus.com\/?page_id=52"},"modified":"2025-01-20T09:51:42","modified_gmt":"2025-01-20T06:51:42","slug":"adoption","status":"publish","type":"page","link":"https:\/\/drdenizusumus.com\/en\/about-me\/","title":{"rendered":"About me"},"content":{"rendered":"<section class=\"wpb-content-wrapper\"><div data-vc-full-width=\"true\" data-vc-full-width-init=\"false\" class=\"vc_row wpb_row vc_row-fluid vc_custom_1729514464350 vc_row-has-fill vc_row-o-equal-height vc_row-o-content-middle vc_row-flex\"><div class=\"wpb_column vc_column_container vc_col-sm-6 sc_layouts_column_icons_position_left\"><div class=\"vc_column-inner\"><div class=\"wpb_wrapper\">\n\t<div  class=\"wpb_single_image wpb_content_element vc_align_right\">\n\t\t\n\t\t<figure class=\"wpb_wrapper vc_figure\">\n\t\t\t<div class=\"vc_single_image-wrapper   vc_box_border_grey\"><img loading=\"lazy\" decoding=\"async\" width=\"1080\" height=\"1283\" src=\"https:\/\/drdenizusumus.com\/wp-content\/uploads\/2024\/10\/cocuk-doktoru-deniz-usumus.jpg\" class=\"vc_single_image-img attachment-full\" alt=\"pediatrician sea cold\" title=\"child-doctor-sea-cold\" srcset=\"https:\/\/drdenizusumus.com\/wp-content\/uploads\/2024\/10\/cocuk-doktoru-deniz-usumus.jpg 1080w, https:\/\/drdenizusumus.com\/wp-content\/uploads\/2024\/10\/cocuk-doktoru-deniz-usumus-253x300.jpg 253w, https:\/\/drdenizusumus.com\/wp-content\/uploads\/2024\/10\/cocuk-doktoru-deniz-usumus-862x1024.jpg 862w, https:\/\/drdenizusumus.com\/wp-content\/uploads\/2024\/10\/cocuk-doktoru-deniz-usumus-768x912.jpg 768w, https:\/\/drdenizusumus.com\/wp-content\/uploads\/2024\/10\/cocuk-doktoru-deniz-usumus-370x440.jpg 370w, https:\/\/drdenizusumus.com\/wp-content\/uploads\/2024\/10\/cocuk-doktoru-deniz-usumus-760x903.jpg 760w, https:\/\/drdenizusumus.com\/wp-content\/uploads\/2024\/10\/cocuk-doktoru-deniz-usumus-740x879.jpg 740w\" sizes=\"auto, (max-width: 1080px) 100vw, 1080px\" \/><\/div>\n\t\t<\/figure>\n\t<\/div>\n<\/div><\/div><\/div><div class=\"wpb_column vc_column_container vc_col-sm-6 vc_col-has-fill sc_layouts_column_icons_position_left\"><div class=\"vc_column-inner vc_custom_1720530889615\"><div class=\"wpb_wrapper\">\n\t<div class=\"wpb_text_column wpb_content_element  hakkimda-hero-text\" >\n\t\t<div class=\"wpb_wrapper\">\n\t\t\t<h2><span style=\"font-size: 45px;\">Specialist Dr. Deniz Usumus<\/span><\/h2>\n<h3>Child Health and Diseases Specialist<\/h3>\n<p>Dr. Deniz Usumus is a graduate of Istanbul Faculty of Medicine, \u00c7apa.<br \/>\nShe completed his specialist training in Pediatrics at Nis Medical Faculty.<br \/>\nShe received his equivalence from Ko\u00e7 University Hospital.<br \/>\nShe worked at the Vehbi Ko\u00e7 Foundation American Hospital between 2003-2016.<br \/>\nAfter completing her specialist training, she worked for a while at Ac\u0131badem Maslak Hospital (2017-2019) and then continues her work at Klinilk Ulus baby, child and adolescent health center.<br \/>\nDr. \u00dc\u015f\u00fcm\u00fc\u015f completed his Homeopathy training at CHE (Homeopathy College) London.<br \/>\nAfter graduation, she continues to teach in the CHE teaching staff in T\u00fcrkiye.<br \/>\nPresidency of Turkish Homeopathic Medical Association,<br \/>\nShe is a member of the Istanbul Medical Chamber and the Turkish Pediatric Association.<\/p>\n\n\t\t<\/div>\n\t<\/div>\n<\/div><\/div><\/div><\/div><div class=\"vc_row-full-width vc_clearfix\"><\/div><div class=\"vc_row wpb_row vc_row-fluid vc_custom_1728028081625 vc_row-o-equal-height vc_row-o-content-middle vc_row-flex\"><div class=\"wpb_column vc_column_container vc_col-sm-3\/5 sc_layouts_column_icons_position_left\"><div class=\"vc_column-inner vc_custom_1702047668609\"><div class=\"wpb_wrapper\">\n\t<div class=\"wpb_text_column wpb_content_element  hakkimda-cv-text\" >\n\t\t<div class=\"wpb_wrapper\">\n\t\t\t<p><strong>KLINILK Child Health Polyclinic, Istanbul<\/strong><br \/>\n1\/2017 \u2013 Ongoing<\/p>\n<p><strong>Pediatrician, Ac\u0131badem Maslak Hospital<\/strong><br \/>\n2018-2022<\/p>\n<p><strong>Ko\u00e7 University Hospital, Child Health and Diseases, Istanbul<\/strong><br \/>\nRotation \u2013 Accreditation 2016<\/p>\n<p><strong>Vehbi Ko\u00e7 Foundation American Hospital, Istanbul<\/strong><br \/>\nFull Time Medical Doctor 2003-2016<br \/>\nMedex Insurance \u2013 Expert<\/p>\n<h2><strong>EDUCATION<\/strong><\/h2>\n<p><strong>CHE Homeopathy Training Centre, London, UK<\/strong><\/p>\n<p><strong>Istanbul Faculty of Medicine (\u00c7apa)<\/strong><br \/>\nIntern Doctor \u2013 Neonatal Intensive Care<\/p>\n<p><strong>Istanbul Faculty of Medicine \u2013 Medical Doctor Diploma<\/strong><br \/>\n1992-1998<\/p>\n<p><strong>Private Evolution High School, Istanbul<\/strong><\/p>\n\n\t\t<\/div>\n\t<\/div>\n<\/div><\/div><\/div><div class=\"wpb_column vc_column_container vc_col-sm-2\/5 sc_layouts_column_icons_position_left\"><div class=\"vc_column-inner\"><div class=\"wpb_wrapper\">\n\t<div  class=\"wpb_single_image wpb_content_element vc_align_left   tedaviler-icerik-kare-gorseller\">\n\t\t\n\t\t<figure class=\"wpb_wrapper vc_figure\">\n\t\t\t<div class=\"vc_single_image-wrapper   vc_box_border_grey\"><img loading=\"lazy\" decoding=\"async\" width=\"480\" height=\"800\" src=\"https:\/\/drdenizusumus.com\/wp-content\/uploads\/2024\/02\/cocuk-sagligi-ve-cocuk-hastaliklari-uzmani.jpg\" class=\"vc_single_image-img attachment-full\" alt=\"pediatrics and pediatrics specialist\" title=\"pediatrics and pediatrics specialist\" srcset=\"https:\/\/drdenizusumus.com\/wp-content\/uploads\/2024\/02\/cocuk-sagligi-ve-cocuk-hastaliklari-uzmani.jpg 480w, https:\/\/drdenizusumus.com\/wp-content\/uploads\/2024\/02\/cocuk-sagligi-ve-cocuk-hastaliklari-uzmani-180x300.jpg 180w, https:\/\/drdenizusumus.com\/wp-content\/uploads\/2024\/02\/cocuk-sagligi-ve-cocuk-hastaliklari-uzmani-370x617.jpg 370w\" sizes=\"auto, (max-width: 480px) 100vw, 480px\" \/><\/div>\n\t\t<\/figure>\n\t<\/div>\n<\/div><\/div><\/div><\/div><div data-vc-full-width=\"true\" data-vc-full-width-init=\"false\" class=\"vc_row wpb_row vc_row-fluid vc_custom_1708948143196 vc_row-has-fill vc_row-o-equal-height vc_row-o-content-middle vc_row-flex\"><div class=\"wpb_column vc_column_container vc_col-sm-2\/5 sc_layouts_column_icons_position_left\"><div class=\"vc_column-inner\"><div class=\"wpb_wrapper\">\n\t<div  class=\"wpb_single_image wpb_content_element vc_align_left   tedaviler-icerik-kare-gorseller\">\n\t\t\n\t\t<figure class=\"wpb_wrapper vc_figure\">\n\t\t\t<div class=\"vc_single_image-wrapper   vc_box_border_grey\"><img loading=\"lazy\" decoding=\"async\" width=\"450\" height=\"430\" src=\"https:\/\/drdenizusumus.com\/wp-content\/uploads\/2024\/02\/deniz-usumus-ozgecmisi.jpg\" class=\"vc_single_image-img attachment-full\" alt=\"sea cold resume\" title=\"sea cold resume\" srcset=\"https:\/\/drdenizusumus.com\/wp-content\/uploads\/2024\/02\/deniz-usumus-ozgecmisi.jpg 450w, https:\/\/drdenizusumus.com\/wp-content\/uploads\/2024\/02\/deniz-usumus-ozgecmisi-300x287.jpg 300w, https:\/\/drdenizusumus.com\/wp-content\/uploads\/2024\/02\/deniz-usumus-ozgecmisi-370x354.jpg 370w\" sizes=\"auto, (max-width: 450px) 100vw, 450px\" \/><\/div>\n\t\t<\/figure>\n\t<\/div>\n<\/div><\/div><\/div><div class=\"wpb_column vc_column_container vc_col-sm-3\/5 sc_layouts_column_icons_position_left\"><div class=\"vc_column-inner\"><div class=\"wpb_wrapper\">\n\t<div class=\"wpb_text_column wpb_content_element  hakkimda-cv-text\" >\n\t\t<div class=\"wpb_wrapper\">\n\t\t\t<h3>LICENSES AND CERTIFICATES<\/h3>\n<p><strong>Republic of Turkey Ministry of Health, Child Health and Diseases Specialist Accreditation Approval<\/strong><br \/>\n08\/02\/2016<br \/>\n<strong>Neonatal Resuscitation (NRP) Program<\/strong><br \/>\n2012<br \/>\n<strong>European Resuscitation Council (ERC), Cardiopulmonary Resuscitation Practice and Advanced Life Support<\/strong><br \/>\n2008<br \/>\n<strong>New York Cornell \u2013 Neonatal Intensive Care Internship<\/strong><br \/>\n2000<br \/>\n<strong>Member of Istanbul Medical Chamber<\/strong><br \/>\n<strong>Member of Turkish Pediatric Association<\/strong><\/p>\n<h3>LANGUAGES<\/h3>\n<p><strong>English (fluent)<\/strong><br \/>\n<strong>Serbian (mother tongue)<\/strong><br \/>\n<strong>Turkish (mother tongue)<\/strong><\/p>\n\n\t\t<\/div>\n\t<\/div>\n<\/div><\/div><\/div><\/div><div class=\"vc_row-full-width vc_clearfix\"><\/div>\n<\/section>","protected":false},"excerpt":{"rendered":"Specialist Dr. Deniz \u00dc\u015f\u00fcm\u00fc\u015f Child Health and Diseases Specialist Dr. Deniz \u00dc\u015f\u00fcm\u00fc\u015f graduated from \u0130stanbul Medical Faculty \u00c7apa. She completed her Pediatrics specialist training at Nis Medical Faculty. She received her equivalency at Ko\u00e7 University Hospital. She worked at Vehbi Ko\u00e7 Foundation American Hospital between 2003-2016. After her specialist training, she worked for a while at Ac\u0131badem Maslak Hospital (2017-2019) and then continues her work at Klinilk Ulus Infant, Child and Adolescent Health Center. Dr.\u2026","protected":false},"author":1,"featured_media":0,"parent":0,"menu_order":0,"comment_status":"closed","ping_status":"closed","template":"","meta":{"footnotes":""},"class_list":["post-52","page","type-page","status-publish","hentry"],"_links":{"self":[{"href":"https:\/\/drdenizusumus.com\/en\/wp-json\/wp\/v2\/pages\/52","targetHints":{"allow":["GET"]}}],"collection":[{"href":"https:\/\/drdenizusumus.com\/en\/wp-json\/wp\/v2\/pages"}],"about":[{"href":"https:\/\/drdenizusumus.com\/en\/wp-json\/wp\/v2\/types\/page"}],"author":[{"embeddable":true,"href":"https:\/\/drdenizusumus.com\/en\/wp-json\/wp\/v2\/users\/1"}],"replies":[{"embeddable":true,"href":"https:\/\/drdenizusumus.com\/en\/wp-json\/wp\/v2\/comments?post=52"}],"version-history":[{"count":0,"href":"https:\/\/drdenizusumus.com\/en\/wp-json\/wp\/v2\/pages\/52\/revisions"}],"wp:attachment":[{"href":"https:\/\/drdenizusumus.com\/en\/wp-json\/wp\/v2\/media?parent=52"}],"curies":[{"name":"wp","href":"https:\/\/api.w.org\/{rel}","templated":true}]}}